{"id":2200,"date":"2023-01-03T19:34:42","date_gmt":"2023-01-03T19:34:42","guid":{"rendered":"https:\/\/corfutraffic.com\/about-corfu\/"},"modified":"2023-04-20T14:28:37","modified_gmt":"2023-04-20T14:28:37","slug":"about-corfu","status":"publish","type":"page","link":"https:\/\/corfutraffic.com\/de\/about-corfu\/","title":{"rendered":"Korfu"},"content":{"rendered":"\t\t<div data-elementor-type=\"wp-page\" data-elementor-id=\"2200\" class=\"elementor elementor-2200 elementor-1873\">\n\t\t\t\t\t\t\t\t\t<section class=\"elementor-section elementor-top-section elementor-element elementor-element-e4fda1d elementor-section-content-middle elementor-section-boxed elementor-section-height-default elementor-section-height-default\" data-id=\"e4fda1d\" data-element_type=\"section\">\n\t\t\t\t\t\t<div class=\"elementor-container elementor-column-gap-default\">\n\t\t\t\t\t<div class=\"elementor-column elementor-col-50 elementor-top-column elementor-element elementor-element-660c316\" data-id=\"660c316\" data-element_type=\"column\">\n\t\t\t<div class=\"elementor-widget-wrap elementor-element-populated\">\n\t\t\t\t\t\t\t\t<div class=\"elementor-element elementor-element-f1f8712 elementor-widget elementor-widget-heading\" data-id=\"f1f8712\" data-element_type=\"widget\" data-widget_type=\"heading.default\">\n\t\t\t\t<div class=\"elementor-widget-container\">\n\t\t\t<style>\/*! elementor - v3.17.0 - 01-11-2023 *\/\n.elementor-heading-title{padding:0;margin:0;line-height:1}.elementor-widget-heading .elementor-heading-title[class*=elementor-size-]>a{color:inherit;font-size:inherit;line-height:inherit}.elementor-widget-heading .elementor-heading-title.elementor-size-small{font-size:15px}.elementor-widget-heading .elementor-heading-title.elementor-size-medium{font-size:19px}.elementor-widget-heading .elementor-heading-title.elementor-size-large{font-size:29px}.elementor-widget-heading .elementor-heading-title.elementor-size-xl{font-size:39px}.elementor-widget-heading .elementor-heading-title.elementor-size-xxl{font-size:59px}<\/style><h2 class=\"elementor-heading-title elementor-size-default\">Korfu<\/h2>\t\t<\/div>\n\t\t\t\t<\/div>\n\t\t\t\t<div class=\"elementor-element elementor-element-3d1f1f0 elementor-widget elementor-widget-text-editor\" data-id=\"3d1f1f0\" data-element_type=\"widget\" data-widget_type=\"text-editor.default\">\n\t\t\t\t<div class=\"elementor-widget-container\">\n\t\t\t<style>\/*! elementor - v3.17.0 - 01-11-2023 *\/\n.elementor-widget-text-editor.elementor-drop-cap-view-stacked .elementor-drop-cap{background-color:#69727d;color:#fff}.elementor-widget-text-editor.elementor-drop-cap-view-framed .elementor-drop-cap{color:#69727d;border:3px solid;background-color:transparent}.elementor-widget-text-editor:not(.elementor-drop-cap-view-default) .elementor-drop-cap{margin-top:8px}.elementor-widget-text-editor:not(.elementor-drop-cap-view-default) .elementor-drop-cap-letter{width:1em;height:1em}.elementor-widget-text-editor .elementor-drop-cap{float:left;text-align:center;line-height:1;font-size:50px}.elementor-widget-text-editor .elementor-drop-cap-letter{display:inline-block}<\/style>\t\t\t\tKorfu geh\u00f6rt geographisch und administrativ der Inselstruktur &#8220;Ionische Inseln\u201d und verf\u00fcgt \u00fcber eine 214 km lange K\u00fcste. Die st\u00e4rksten kulturellen und architektonischen Einfl\u00fcsse in der heutigen Zeit, sind den Venezianern, den Franzosen und den Engl\u00e4ndern zuzuschreiben. Die nat\u00fcrliche Sch\u00f6nheit der Insel ist wirklich einzigartig. Die \u00fcppige Vegetation, der Reichtum an Olivenb\u00e4umen und Str\u00e4nde mit Sand oder Kies, das herrliche Klima, kombiniert mit der Natursch\u00f6nheit, machen Korfu ein attraktives Urlaubsziel. Das Ionische Meer, die Sch\u00f6nheit der Str\u00e4nde, die Vielzahl der Naturbuchten,  haben die Insel zu einem der beliebtesten Touristenziele gemacht. Es lohnt sich die Insel, mit einem Auto dass Sie von CorfuTraffic Mietwagenagentur mieten k\u00f6nnen, zu entdecken. \t\t\t\t\t\t<\/div>\n\t\t\t\t<\/div>\n\t\t\t\t\t<\/div>\n\t\t<\/div>\n\t\t\t\t<div class=\"elementor-column elementor-col-50 elementor-top-column elementor-element elementor-element-f672842\" data-id=\"f672842\" data-element_type=\"column\">\n\t\t\t<div class=\"elementor-widget-wrap elementor-element-populated\">\n\t\t\t\t\t\t\t\t<div class=\"elementor-element elementor-element-f24c5e8 elementor-widget elementor-widget-image\" data-id=\"f24c5e8\" data-element_type=\"widget\" data-widget_type=\"image.default\">\n\t\t\t\t<div class=\"elementor-widget-container\">\n\t\t\t<style>\/*! elementor - v3.17.0 - 01-11-2023 *\/\n.elementor-widget-image{text-align:center}.elementor-widget-image a{display:inline-block}.elementor-widget-image a img[src$=\".svg\"]{width:48px}.elementor-widget-image img{vertical-align:middle;display:inline-block}<\/style>\t\t\t\t\t\t\t\t\t\t\t\t<img loading=\"lazy\" decoding=\"async\" width=\"800\" height=\"533\" src=\"https:\/\/corfutraffic.com\/wp-content\/uploads\/2023\/01\/achillio.jpg\" class=\"attachment-large size-large wp-image-2193\" alt=\"\" srcset=\"https:\/\/corfutraffic.com\/wp-content\/uploads\/2023\/01\/achillio.jpg 800w, https:\/\/corfutraffic.com\/wp-content\/uploads\/2023\/01\/achillio-300x200.jpg 300w, https:\/\/corfutraffic.com\/wp-content\/uploads\/2023\/01\/achillio-768x512.jpg 768w, https:\/\/corfutraffic.com\/wp-content\/uploads\/2023\/01\/achillio-350x233.jpg 350w, https:\/\/corfutraffic.com\/wp-content\/uploads\/2023\/01\/achillio-255x170.jpg 255w, https:\/\/corfutraffic.com\/wp-content\/uploads\/2023\/01\/achillio-600x400.jpg 600w\" sizes=\"auto, (max-width: 800px) 100vw, 800px\" \/>\t\t\t\t\t\t\t\t\t\t\t\t\t\t\t<\/div>\n\t\t\t\t<\/div>\n\t\t\t\t\t<\/div>\n\t\t<\/div>\n\t\t\t\t\t\t\t<\/div>\n\t\t<\/section>\n\t\t\t\t<section class=\"elementor-section elementor-top-section elementor-element elementor-element-208b590 elementor-section-content-middle elementor-reverse-tablet elementor-reverse-mobile elementor-section-boxed elementor-section-height-default elementor-section-height-default\" data-id=\"208b590\" data-element_type=\"section\" data-settings=\"{&quot;background_background&quot;:&quot;classic&quot;}\">\n\t\t\t\t\t\t<div class=\"elementor-container elementor-column-gap-extended\">\n\t\t\t\t\t<div class=\"elementor-column elementor-col-50 elementor-top-column elementor-element elementor-element-d7778c8\" data-id=\"d7778c8\" data-element_type=\"column\">\n\t\t\t<div class=\"elementor-widget-wrap elementor-element-populated\">\n\t\t\t\t\t\t\t\t<div class=\"elementor-element elementor-element-9006e74 elementor-widget elementor-widget-image\" data-id=\"9006e74\" data-element_type=\"widget\" data-widget_type=\"image.default\">\n\t\t\t\t<div class=\"elementor-widget-container\">\n\t\t\t\t\t\t\t\t\t\t\t\t\t\t\t<img loading=\"lazy\" decoding=\"async\" width=\"800\" height=\"533\" src=\"https:\/\/corfutraffic.com\/wp-content\/uploads\/2023\/01\/spianada.jpg\" class=\"attachment-large size-large wp-image-2192\" alt=\"\" srcset=\"https:\/\/corfutraffic.com\/wp-content\/uploads\/2023\/01\/spianada.jpg 800w, https:\/\/corfutraffic.com\/wp-content\/uploads\/2023\/01\/spianada-300x200.jpg 300w, https:\/\/corfutraffic.com\/wp-content\/uploads\/2023\/01\/spianada-768x512.jpg 768w, https:\/\/corfutraffic.com\/wp-content\/uploads\/2023\/01\/spianada-350x233.jpg 350w, https:\/\/corfutraffic.com\/wp-content\/uploads\/2023\/01\/spianada-255x170.jpg 255w, https:\/\/corfutraffic.com\/wp-content\/uploads\/2023\/01\/spianada-600x400.jpg 600w\" sizes=\"auto, (max-width: 800px) 100vw, 800px\" \/>\t\t\t\t\t\t\t\t\t\t\t\t\t\t\t<\/div>\n\t\t\t\t<\/div>\n\t\t\t\t\t<\/div>\n\t\t<\/div>\n\t\t\t\t<div class=\"elementor-column elementor-col-50 elementor-top-column elementor-element elementor-element-cb4f414\" data-id=\"cb4f414\" data-element_type=\"column\">\n\t\t\t<div class=\"elementor-widget-wrap elementor-element-populated\">\n\t\t\t\t\t\t\t\t<div class=\"elementor-element elementor-element-71e5b53 elementor-widget elementor-widget-heading\" data-id=\"71e5b53\" data-element_type=\"widget\" data-widget_type=\"heading.default\">\n\t\t\t\t<div class=\"elementor-widget-container\">\n\t\t\t<h2 class=\"elementor-heading-title elementor-size-default\">Korfu-Stadt<\/h2>\t\t<\/div>\n\t\t\t\t<\/div>\n\t\t\t\t<div class=\"elementor-element elementor-element-e30594b elementor-widget elementor-widget-text-editor\" data-id=\"e30594b\" data-element_type=\"widget\" data-widget_type=\"text-editor.default\">\n\t\t\t\t<div class=\"elementor-widget-container\">\n\t\t\t\t\t\t\t\u200bDie Hauptstadt der gleichnamigen Insel, ist das Zentrum der Aktivit\u00e4ten w\u00e4hrend des ganzen Jahres und liegt im Herzen der Insel. Es dominieren, das historische Zentrum dass von der venezianischen Architektur mit den hohen Geb\u00e4uden, engen Gassen, Tore und Mauern, Torb\u00f6gen und breite Treppen, sowie die eindrucksvollen venezianischen Festungen gebr\u00e4gt ist. Das beeindruckende Liston, das  von den Franzosen gebaut wurde mit den vielen Caf\u00e9s unter den Arkaden, der gro\u00dfe Esplanade Platz, im Kolonialstil von den Briten gebaut,  die Kirchen und Pal\u00e4ste, f\u00fcgen Sie alle in dem atmosph\u00e4rischen Gef\u00fchl dieser einzigartigen Stadt. Nehmen Sie ein Mietwagen in Acharavi, von CorfuTraffic und fahren Sie auf eine Tour in die Hauptstadt.\t\t\t\t\t\t<\/div>\n\t\t\t\t<\/div>\n\t\t\t\t\t<\/div>\n\t\t<\/div>\n\t\t\t\t\t\t\t<\/div>\n\t\t<\/section>\n\t\t\t\t<section class=\"elementor-section elementor-top-section elementor-element elementor-element-93b8300 elementor-section-content-middle elementor-section-boxed elementor-section-height-default elementor-section-height-default\" data-id=\"93b8300\" data-element_type=\"section\" data-settings=\"{&quot;background_background&quot;:&quot;classic&quot;}\">\n\t\t\t\t\t\t<div class=\"elementor-container elementor-column-gap-extended\">\n\t\t\t\t\t<div class=\"elementor-column elementor-col-50 elementor-top-column elementor-element elementor-element-c553aff\" data-id=\"c553aff\" data-element_type=\"column\">\n\t\t\t<div class=\"elementor-widget-wrap elementor-element-populated\">\n\t\t\t\t\t\t\t\t<div class=\"elementor-element elementor-element-b69eddf elementor-widget elementor-widget-heading\" data-id=\"b69eddf\" data-element_type=\"widget\" data-widget_type=\"heading.default\">\n\t\t\t\t<div class=\"elementor-widget-container\">\n\t\t\t<h2 class=\"elementor-heading-title elementor-size-default\">Strande in NordKorfu<\/h2>\t\t<\/div>\n\t\t\t\t<\/div>\n\t\t\t\t<div class=\"elementor-element elementor-element-f1ceb70 elementor-widget elementor-widget-text-editor\" data-id=\"f1ceb70\" data-element_type=\"widget\" data-widget_type=\"text-editor.default\">\n\t\t\t\t<div class=\"elementor-widget-container\">\n\t\t\t\t\t\t\tMieten Sie ein Auto in Korfu von unserem CorfuTraffic Unternehmen und von Acharavi aus finden Sie die nord\u00f6stlichen Str\u00e4nde von Korfu, die haupts\u00e4chlich durch Kieselsteine gekennzeichnet sind. Ab Acharavi k\u00f6nnen Sie folgende Str\u00e4nde besuchen: Almiros, Agios Spyridon, Kalamaki, Kassiopi, Avlaki, Kerasia, Nisaki, Barbati, Ipsos.\nAuch ausgehend von Acharavi k\u00f6nnen Sie den nordwestlichen Teil der Insel sehen, der vor allem von Sandstr\u00e4nden und unvergleichlicher Sch\u00f6nheit auszeichnet ist. Mieten Sie ein Auto von CorfuTraffic, und besuchen Sie: Palaiokastritsa, , Afionas, Arillas, Agios Stefanos Avlioton, Loggas, Drastis, Apotripiti, Sidari Canal D &#8216;Amour, Roda.\t\t\t\t\t\t<\/div>\n\t\t\t\t<\/div>\n\t\t\t\t\t<\/div>\n\t\t<\/div>\n\t\t\t\t<div class=\"elementor-column elementor-col-50 elementor-top-column elementor-element elementor-element-b73bf1b\" data-id=\"b73bf1b\" data-element_type=\"column\">\n\t\t\t<div class=\"elementor-widget-wrap elementor-element-populated\">\n\t\t\t\t\t\t\t\t<div class=\"elementor-element elementor-element-8b4a575 elementor-widget elementor-widget-image\" data-id=\"8b4a575\" data-element_type=\"widget\" data-widget_type=\"image.default\">\n\t\t\t\t<div class=\"elementor-widget-container\">\n\t\t\t\t\t\t\t\t\t\t\t\t\t\t\t<img loading=\"lazy\" decoding=\"async\" width=\"800\" height=\"533\" src=\"https:\/\/corfutraffic.com\/wp-content\/uploads\/2023\/01\/afionas.jpg\" class=\"attachment-large size-large wp-image-2191\" alt=\"\" srcset=\"https:\/\/corfutraffic.com\/wp-content\/uploads\/2023\/01\/afionas.jpg 800w, https:\/\/corfutraffic.com\/wp-content\/uploads\/2023\/01\/afionas-300x200.jpg 300w, https:\/\/corfutraffic.com\/wp-content\/uploads\/2023\/01\/afionas-768x512.jpg 768w, https:\/\/corfutraffic.com\/wp-content\/uploads\/2023\/01\/afionas-350x233.jpg 350w, https:\/\/corfutraffic.com\/wp-content\/uploads\/2023\/01\/afionas-255x170.jpg 255w, https:\/\/corfutraffic.com\/wp-content\/uploads\/2023\/01\/afionas-600x400.jpg 600w\" sizes=\"auto, (max-width: 800px) 100vw, 800px\" \/>\t\t\t\t\t\t\t\t\t\t\t\t\t\t\t<\/div>\n\t\t\t\t<\/div>\n\t\t\t\t\t<\/div>\n\t\t<\/div>\n\t\t\t\t\t\t\t<\/div>\n\t\t<\/section>\n\t\t\t\t<section class=\"elementor-section elementor-top-section elementor-element elementor-element-f57de7c elementor-section-content-middle elementor-reverse-tablet elementor-reverse-mobile elementor-section-boxed elementor-section-height-default elementor-section-height-default\" data-id=\"f57de7c\" data-element_type=\"section\" data-settings=\"{&quot;background_background&quot;:&quot;classic&quot;}\">\n\t\t\t\t\t\t<div class=\"elementor-container elementor-column-gap-extended\">\n\t\t\t\t\t<div class=\"elementor-column elementor-col-50 elementor-top-column elementor-element elementor-element-e939e07\" data-id=\"e939e07\" data-element_type=\"column\">\n\t\t\t<div class=\"elementor-widget-wrap elementor-element-populated\">\n\t\t\t\t\t\t\t\t<div class=\"elementor-element elementor-element-188f560 elementor-widget elementor-widget-image\" data-id=\"188f560\" data-element_type=\"widget\" data-widget_type=\"image.default\">\n\t\t\t\t<div class=\"elementor-widget-container\">\n\t\t\t\t\t\t\t\t\t\t\t\t\t\t\t<img loading=\"lazy\" decoding=\"async\" width=\"800\" height=\"533\" src=\"https:\/\/corfutraffic.com\/wp-content\/uploads\/2023\/01\/ai-gordis.jpg\" class=\"attachment-large size-large wp-image-2190\" alt=\"\" srcset=\"https:\/\/corfutraffic.com\/wp-content\/uploads\/2023\/01\/ai-gordis.jpg 800w, https:\/\/corfutraffic.com\/wp-content\/uploads\/2023\/01\/ai-gordis-300x200.jpg 300w, https:\/\/corfutraffic.com\/wp-content\/uploads\/2023\/01\/ai-gordis-768x512.jpg 768w, https:\/\/corfutraffic.com\/wp-content\/uploads\/2023\/01\/ai-gordis-350x233.jpg 350w, https:\/\/corfutraffic.com\/wp-content\/uploads\/2023\/01\/ai-gordis-255x170.jpg 255w, https:\/\/corfutraffic.com\/wp-content\/uploads\/2023\/01\/ai-gordis-600x400.jpg 600w\" sizes=\"auto, (max-width: 800px) 100vw, 800px\" \/>\t\t\t\t\t\t\t\t\t\t\t\t\t\t\t<\/div>\n\t\t\t\t<\/div>\n\t\t\t\t\t<\/div>\n\t\t<\/div>\n\t\t\t\t<div class=\"elementor-column elementor-col-50 elementor-top-column elementor-element elementor-element-de7e3c5\" data-id=\"de7e3c5\" data-element_type=\"column\">\n\t\t\t<div class=\"elementor-widget-wrap elementor-element-populated\">\n\t\t\t\t\t\t\t\t<div class=\"elementor-element elementor-element-07d9e58 elementor-widget elementor-widget-heading\" data-id=\"07d9e58\" data-element_type=\"widget\" data-widget_type=\"heading.default\">\n\t\t\t\t<div class=\"elementor-widget-container\">\n\t\t\t<h2 class=\"elementor-heading-title elementor-size-default\">Strande in S\u00fcdKorfu<\/h2>\t\t<\/div>\n\t\t\t\t<\/div>\n\t\t\t\t<div class=\"elementor-element elementor-element-cc24542 elementor-widget elementor-widget-text-editor\" data-id=\"cc24542\" data-element_type=\"widget\" data-widget_type=\"text-editor.default\">\n\t\t\t\t<div class=\"elementor-widget-container\">\n\t\t\t\t\t\t\tDer s\u00fcdliche Teil von Korfu ist auch von unglaublicher Sch\u00f6nheit gekennzeichnet. Das Hauptmerkmal sind die Sandstr\u00e4nde. Wenn Sie ein Auto von CorfuTraffic mieten, k\u00f6nnen Sie den Palast von Sissy, das sogennante Achillion besuchen und Sie kombinieren es, indem Sie die s\u00fcdlichen Str\u00e4nde der Insel besuchen: Agios Gordios, Glifada, Ermones, Mirtiotissa, Kontogialos, Kaiser Bridge, Mpenitses, Agios Ioannis Peristeron, Moraitika, Mesoggi, Notos, Petritis, Kavos, Santa Barbara, Marathias, Gardenos Vitaladon, Issos-Sandh\u00fcgel, Chalikounas.\t\t\t\t\t\t<\/div>\n\t\t\t\t<\/div>\n\t\t\t\t\t<\/div>\n\t\t<\/div>\n\t\t\t\t\t\t\t<\/div>\n\t\t<\/section>\n\t\t\t\t\t\t\t<\/div>\n\t\t","protected":false},"excerpt":{"rendered":"<p>Korfu Korfu geh\u00f6rt geographisch und administrativ der Inselstruktur &#8220;Ionische Inseln\u201d und verf\u00fcgt \u00fcber eine 214 km lange<\/p>\n","protected":false},"author":1,"featured_media":2186,"parent":0,"menu_order":0,"comment_status":"closed","ping_status":"closed","template":"","meta":{"om_disable_all_campaigns":false,"_monsterinsights_skip_tracking":false,"_monsterinsights_sitenote_active":false,"_monsterinsights_sitenote_note":"","_monsterinsights_sitenote_category":0,"footnotes":""},"class_list":["post-2200","page","type-page","status-publish","has-post-thumbnail","hentry"],"aioseo_notices":[],"_links":{"self":[{"href":"https:\/\/corfutraffic.com\/de\/wp-json\/wp\/v2\/pages\/2200","targetHints":{"allow":["GET"]}}],"collection":[{"href":"https:\/\/corfutraffic.com\/de\/wp-json\/wp\/v2\/pages"}],"about":[{"href":"https:\/\/corfutraffic.com\/de\/wp-json\/wp\/v2\/types\/page"}],"author":[{"embeddable":true,"href":"https:\/\/corfutraffic.com\/de\/wp-json\/wp\/v2\/users\/1"}],"replies":[{"embeddable":true,"href":"https:\/\/corfutraffic.com\/de\/wp-json\/wp\/v2\/comments?post=2200"}],"version-history":[{"count":8,"href":"https:\/\/corfutraffic.com\/de\/wp-json\/wp\/v2\/pages\/2200\/revisions"}],"predecessor-version":[{"id":2424,"href":"https:\/\/corfutraffic.com\/de\/wp-json\/wp\/v2\/pages\/2200\/revisions\/2424"}],"wp:featuredmedia":[{"embeddable":true,"href":"https:\/\/corfutraffic.com\/de\/wp-json\/wp\/v2\/media\/2186"}],"wp:attachment":[{"href":"https:\/\/corfutraffic.com\/de\/wp-json\/wp\/v2\/media?parent=2200"}],"curies":[{"name":"wp","href":"https:\/\/api.w.org\/{rel}","templated":true}]}}