{"id":2204,"date":"2022-12-20T20:19:58","date_gmt":"2022-12-20T20:19:58","guid":{"rendered":"https:\/\/corfutraffic.com\/terms-and-conditions\/"},"modified":"2024-07-26T09:58:06","modified_gmt":"2024-07-26T09:58:06","slug":"bedingungen","status":"publish","type":"page","link":"https:\/\/corfutraffic.com\/de\/bedingungen\/","title":{"rendered":"Bedingungen"},"content":{"rendered":"\t\t<div data-elementor-type=\"wp-page\" data-elementor-id=\"2204\" class=\"elementor elementor-2204 elementor-1807\">\n\t\t\t\t\t\t\t\t\t<section class=\"elementor-section elementor-top-section elementor-element elementor-element-29e1dc7 elementor-section-boxed elementor-section-height-default elementor-section-height-default\" data-id=\"29e1dc7\" data-element_type=\"section\">\n\t\t\t\t\t\t<div class=\"elementor-container elementor-column-gap-default\">\n\t\t\t\t\t<div class=\"elementor-column elementor-col-100 elementor-top-column elementor-element elementor-element-6317975\" data-id=\"6317975\" data-element_type=\"column\">\n\t\t\t<div class=\"elementor-widget-wrap elementor-element-populated\">\n\t\t\t\t\t\t\t\t<div class=\"elementor-element elementor-element-35cfda1 elementor-widget elementor-widget-text-editor\" data-id=\"35cfda1\" data-element_type=\"widget\" data-widget_type=\"text-editor.default\">\n\t\t\t\t<div class=\"elementor-widget-container\">\n\t\t\t<style>\/*! elementor - v3.17.0 - 01-11-2023 *\/\n.elementor-widget-text-editor.elementor-drop-cap-view-stacked .elementor-drop-cap{background-color:#69727d;color:#fff}.elementor-widget-text-editor.elementor-drop-cap-view-framed .elementor-drop-cap{color:#69727d;border:3px solid;background-color:transparent}.elementor-widget-text-editor:not(.elementor-drop-cap-view-default) .elementor-drop-cap{margin-top:8px}.elementor-widget-text-editor:not(.elementor-drop-cap-view-default) .elementor-drop-cap-letter{width:1em;height:1em}.elementor-widget-text-editor .elementor-drop-cap{float:left;text-align:center;line-height:1;font-size:50px}.elementor-widget-text-editor .elementor-drop-cap-letter{display:inline-block}<\/style>\t\t\t\t<h4>Allgemeine Gesch\u00e4ftsbedingungen<\/h4><p>Bitte lesen Sie unsere Allgemeinen Gesch\u00e4ftsbedingungen f\u00fcr Mietwagen sorgf\u00e4ltig durch.<\/p><h4>1. Allgemeine Gesch\u00e4ftsbedingungen<\/h4><p><span style=\"font-weight: 400;\">Der Anbieter beh\u00e4lt sich das Recht vor, eine Buchung jederzeit abzulehnen oder zu stornieren, wenn Sie die Mietbedingungen nicht erf\u00fcllen.<\/span><\/p><p><span style=\"font-weight: 400;\">Bitte stellen Sie sicher, dass auf Ihrer Debit- oder Kreditkarte ausreichend Geld vorhanden ist.<\/span><\/p><p><span style=\"font-weight: 400;\">Wenn Ihr F\u00fchrerschein au\u00dferhalb des Abhollandes ausgestellt wurde, m\u00fcssen Sie bei der Abholung des Fahrzeugs auch Ihren Reisepass mitbringen.<\/span><\/p><p><span style=\"font-weight: 400;\">Alle zus\u00e4tzlichen Fahrer m\u00fcssen dieselben F\u00fchrerscheinanforderungen erf\u00fcllen wie der Hauptfahrer.<\/span><\/p><p><span style=\"font-weight: 400;\">Der erste Fahrer ist im Preis inbegriffen, f\u00fcr jeden zus\u00e4tzlichen Fahrer wird jedoch eine t\u00e4gliche Geb\u00fchr erhoben.<\/span><\/p><p><span style=\"font-weight: 400;\">Kindersitze sind auf Anfrage erh\u00e4ltlich.<\/span><\/p><p><span style=\"font-weight: 400;\">Der Flughafen ist w\u00e4hrend der B\u00fcrozeiten (08:00 \u2013 23:00 Uhr) kostenlos verf\u00fcgbar.<\/span><\/p><p><span style=\"font-weight: 400;\">Das Fahrzeug ist durch die Pannenhilfe f\u00fcr alle mechanischen Defekte abgedeckt. Wenn der Einsatz auf Fahrl\u00e4ssigkeit des Fahrers zur\u00fcckzuf\u00fchren ist, z. B. verlorene Schl\u00fcssel oder Kraftstoffmangel, wird dem Mieter eine Pannenhilfegeb\u00fchr berechnet.<\/span><\/p><p><span style=\"font-weight: 400;\">NICHTERSCHEINEN &#8211; Wenn Sie das Fahrzeug nicht vor der reservierten Abholzeit und dem reservierten Abholdatum abholen, kann mindestens eine Geb\u00fchr f\u00fcr Nichterscheinen anfallen. Das Fahrzeug muss vor Ablauf der Mietdauer zur\u00fcckgegeben werden und sollte im gleichen Zustand wie bei der Anmietung zur\u00fcckgegeben werden, mit Ausnahme normaler Abnutzung. Je nachdem, wohin Sie fahren m\u00f6chten, m\u00fcssen Sie m\u00f6glicherweise lokale Mautgeb\u00fchren oder Autobahngeb\u00fchren entrichten. \u00dcberm\u00e4\u00dfiger Schmutz (M\u00fcll, Fl\u00fcssigkeiten, Sand, Salz usw.) ist im Fahrzeug nicht gestattet. Rauchen ist im Fahrzeug nicht gestattet. Alle Fahrzeuge m\u00fcssen auf Asphalt- oder geteerten Stra\u00dfen gefahren werden.<\/span><\/p><h4>2. F\u00fchrerscheinanforderungen<\/h4><p><span style=\"font-weight: 400;\">Der Kunde muss einen g\u00fcltigen F\u00fchrerschein vorlegen, der seit mindestens einem (1) Jahr ausgestellt und besessen wurde. Der F\u00fchrerschein muss von dem Land akzeptiert werden, in dem das Fahrzeug ausgeliefert wird. F\u00fcr B\u00fcrger der Europ\u00e4ischen Union (EU) ist ein nationaler F\u00fchrerschein erforderlich. Kunden, die von au\u00dferhalb der Europ\u00e4ischen Union anreisen, m\u00fcssen bei ihrer Ankunft einen g\u00fcltigen internationalen F\u00fchrerschein (IDP) zusammen mit dem nationalen F\u00fchrerschein ihres jeweiligen Landes vorlegen.<\/span><\/p><h4>3. Altersanforderungen<\/h4><p><span style=\"font-weight: 400;\">Das Mindestalter des Mieters oder Fahrers muss 21 Jahre f\u00fcr Fahrzeuge der Gruppen A, B, C, E, G und 23 Jahre f\u00fcr Fahrzeuge aller anderen Gruppen betragen.<\/span><\/p><h4>4. Mindestmietdauer<\/h4><p><span style=\"font-weight: 400;\">3 Tage zu jedem Ziel auf der Insel und 5 Tage zum Flughafen<\/span><\/p><h4>5. Versicherungen<\/h4><p><span style=\"font-weight: 400;\">Vollkaskoversicherung (C.D.W.)<\/span><\/p><p><span style=\"font-weight: 400;\">Im Preis inbegriffen | Mit Selbstbeteiligung<\/span><\/p><p><span style=\"font-weight: 400;\">Die Vollkaskoversicherung deckt Folgendes ab:<\/span><\/p><p><span style=\"font-weight: 400;\">Alle Sch\u00e4den an Dritten (Haftpflichtversicherung)<\/span><\/p><p><span style=\"font-weight: 400;\">Alle Sch\u00e4den AUSSER Sch\u00e4den oder Verlust von Schl\u00fcsseln, Reifen, R\u00e4dern, Spiegeln, Fenstern, Windschutzscheibe, Innenausstattung und Fahrgestell des Fahrzeugs<\/span><\/p><p><span style=\"font-weight: 400;\">Hinweise zur Vollkaskoversicherung:<\/span><\/p><p><span style=\"font-weight: 400;\">Die Selbstbeteiligung ist je nach Fahrzeug unterschiedlich<\/span><\/p><p><span style=\"font-weight: 400;\">300 \u20ac f\u00fcr die Kategorien A, B<\/span><\/p><p><span style=\"font-weight: 400;\">500 \u20ac f\u00fcr die Kategorien C, D, E, J<\/span><\/p><p><span style=\"font-weight: 400;\">400 \u20ac f\u00fcr die Kategorien G<\/span><\/p><p><span style=\"font-weight: 400;\">800 \u20ac f\u00fcr die Kategorien E(plus), J(plus), G(plus), F(7 Sitzer)<\/span><\/p><p><span style=\"font-weight: 400;\">1000 \u20ac f\u00fcr die Kategorie F(plus 9 Sitzer)<\/span><\/p><p><span style=\"font-weight: 400;\">Die Vollkaskoversicherung ist nicht g\u00fcltig bei Fahren unter dem Einfluss von Alkohol, Rauschmitteln oder Medikamenten, bei Geschwindigkeits\u00fcberschreitung, ohne g\u00fcltigen F\u00fchrerschein oder bei Verkehrsverst\u00f6\u00dfen.<\/span><\/p><p><span style=\"font-weight: 400;\">Ebenfalls nicht abgedeckt sind Sch\u00e4den an den Kennzeichen und die Verwendung von falschem Kraftstoff (Diesel statt bleifreiem Benzin oder umgekehrt);<\/span><\/p><h4>6. Zus\u00e4tzlicher Fahrer<span style=\"font-weight: 400;\">\u200b<\/span><\/h4><p><span style=\"font-weight: 400;\">Zus\u00e4tzliche Fahrer m\u00fcssen alle Mieteranforderungen erf\u00fcllen. Zus\u00e4tzliche Fahrer k\u00f6nnen<\/span><\/p><p><span style=\"font-weight: 400;\">in jeder Mietstation zum Vertrag hinzugef\u00fcgt werden. Der t\u00e4gliche Aufpreis pro zus\u00e4tzlichem<\/span><\/p><p><span style=\"font-weight: 400;\">Fahrer betr\u00e4gt 5,00 \u20ac.<\/span><\/p><p><span style=\"font-weight: 400;\">Die maximale Anzahl zul\u00e4ssiger zus\u00e4tzlicher Fahrer betr\u00e4gt 2.<\/span><\/p><h4>7. Service au\u00dferhalb der Gesch\u00e4ftszeiten<\/h4><p><span style=\"font-weight: 400;\">Au\u00dferhalb der Gesch\u00e4ftszeiten wird ein Service angeboten, um ein Fahrzeug au\u00dferhalb der \u00d6ffnungszeiten abzuholen und\/oder zur\u00fcckzugeben. Es f\u00e4llt eine zus\u00e4tzliche Geb\u00fchr von 50,00 \u20ac einschlie\u00dflich Flughafengeb\u00fchr an, die vor Ort bei der Anmietung bezahlt werden muss.<\/span><\/p><h4>8. Zahlungsoptionen<\/h4><p><span style=\"font-weight: 400;\">Sie k\u00f6nnen bei der Ankunft mit Kreditkarte oder in bar bezahlen.<\/span><\/p><p><span style=\"font-weight: 400;\">Kautionsbetrag<\/span><\/p><p><span style=\"font-weight: 400;\">Die Kaution kann online auf unserer Website mit Kredit-, Debit- und Prepaid-Karten bezahlt werden.<\/span><\/p><p><span style=\"font-weight: 400;\">Wir akzeptieren Visa, Mastercard, Maestro, Diners &amp; Discover.<\/span><\/p><p><span style=\"font-weight: 400;\">Alle mit der Karte get\u00e4tigten Zahlungen werden \u00fcber die elektronische Zahlungsplattform \u201eNexi e-Commerce\u201c von Nexi Payments Greece S.A. abgewickelt und verwenden das Verschl\u00fcsselungsprotokoll TLS 1.2 mit 128 Bit (Secure Sockets Layer \u2013 SSL). Verschl\u00fcsselung ist eine M\u00f6glichkeit, die Informationen zu verschl\u00fcsseln, bis sie den Empf\u00e4nger erreichen, der sie mit dem entsprechenden Schl\u00fcssel entschl\u00fcsseln kann. Der Kautionsbetrag kann auch auf unser Bankkonto eingezahlt werden.<\/span><\/p><h4>9. Mehrwertsteuer (24 %) und gesetzliche Steuern<\/h4><p><span style=\"font-weight: 400;\">24 % Mehrwertsteuer und alle gesetzlichen Steuern sind im Mietwagenpreis enthalten.<\/span><\/p><h4>10. Kraftstoffrichtlinie<\/h4><p><span style=\"font-weight: 400;\">Der Mieter ist verpflichtet, das Fahrzeug mit der gleichen Menge Kraftstoff zur\u00fcckzugeben, mit der es abgeholt wurde. Bei R\u00fcckgabe des Fahrzeugs mit weniger Kraftstoff wird dem Mieter die Kraftstoffdifferenz in Rechnung gestellt. Bei R\u00fcckgabe von Fahrzeugen mit mehr Kraftstoff erfolgt keine R\u00fcckerstattung.<\/span><\/p><h4>11. Verlassen der Insel.<\/h4><p><span style=\"font-weight: 400;\">Sie d\u00fcrfen mit unseren Mietwagen au\u00dferhalb von Korfu fahren, m\u00fcssen sich aber zuerst an Corfu Traffic Rentals wenden und die Genehmigungsgeb\u00fchr f\u00fcr das Verlassen der Insel bezahlen. Andernfalls d\u00fcrfen Sie die Insel Korfu nicht verlassen und haften f\u00fcr etwaige Sch\u00e4den oder Verluste.<\/span><\/p><h4>12. \u00dcberf\u00fchrung des Autos<\/h4><p><span style=\"font-weight: 400;\">Die \u00dcberf\u00fchrung des Autos ist ohne vorherige schriftliche Genehmigung unseres Unternehmens nicht gestattet. F\u00fcr die schriftliche Genehmigung und den Versicherungsschutz<\/span><\/p><p><span style=\"font-weight: 400;\">f\u00fcr die \u00dcberf\u00fchrung au\u00dferhalb der Insel wird eine zus\u00e4tzliche Geb\u00fchr erhoben.<\/span><\/p><h4>13. Verkehrsstrafen<\/h4><p><span style=\"font-weight: 400;\">Alle Verkehrsstrafen, die w\u00e4hrend der Mietzeit aufgrund von Verst\u00f6\u00dfen gegen das griechische Verkehrsrecht verh\u00e4ngt werden, gehen zu Lasten des Mieters. Werden die Strafen nicht gemeldet.<\/span><\/p><h4>14. Stornierungsbedingungen<\/h4><p><span style=\"font-weight: 400;\">Online bezahlte Reservierungen k\u00f6nnen bis 48 Stunden vor der Fahrzeugabholung kostenlos storniert werden. Bei Stornierungen nach diesem Zeitpunkt oder bei Nichterscheinen wird der volle gezahlte Betrag nicht zur\u00fcckerstattet.<\/span><\/p><p><span style=\"font-weight: 400;\">Bei Ankunft bezahlte Reservierungen k\u00f6nnen jederzeit storniert werden. Bitte versuchen Sie, uns so schnell wie m\u00f6glich \u00fcber Plan\u00e4nderungen zu informieren.\u00a0<\/span><\/p><p><b>Allgemeine Gesch\u00e4ftsbedingungen und Preise k\u00f6nnen ohne vorherige Ank\u00fcndigung ge\u00e4ndert werden.<\/b><\/p>\t\t\t\t\t\t<\/div>\n\t\t\t\t<\/div>\n\t\t\t\t\t<\/div>\n\t\t<\/div>\n\t\t\t\t\t\t\t<\/div>\n\t\t<\/section>\n\t\t\t\t\t\t\t<\/div>\n\t\t","protected":false},"excerpt":{"rendered":"<p>Allgemeine Gesch\u00e4ftsbedingungen Bitte lesen Sie unsere Allgemeinen Gesch\u00e4ftsbedingungen f\u00fcr Mietwagen sorgf\u00e4ltig durch. 1. Allgemeine Gesch\u00e4ftsbedingungen Der Anbieter<\/p>\n","protected":false},"author":1,"featured_media":2186,"parent":0,"menu_order":0,"comment_status":"closed","ping_status":"closed","template":"elementor_header_footer","meta":{"om_disable_all_campaigns":false,"_monsterinsights_skip_tracking":false,"_monsterinsights_sitenote_active":false,"_monsterinsights_sitenote_note":"","_monsterinsights_sitenote_category":0,"footnotes":""},"class_list":["post-2204","page","type-page","status-publish","has-post-thumbnail","hentry"],"aioseo_notices":[],"_links":{"self":[{"href":"https:\/\/corfutraffic.com\/de\/wp-json\/wp\/v2\/pages\/2204","targetHints":{"allow":["GET"]}}],"collection":[{"href":"https:\/\/corfutraffic.com\/de\/wp-json\/wp\/v2\/pages"}],"about":[{"href":"https:\/\/corfutraffic.com\/de\/wp-json\/wp\/v2\/types\/page"}],"author":[{"embeddable":true,"href":"https:\/\/corfutraffic.com\/de\/wp-json\/wp\/v2\/users\/1"}],"replies":[{"embeddable":true,"href":"https:\/\/corfutraffic.com\/de\/wp-json\/wp\/v2\/comments?post=2204"}],"version-history":[{"count":25,"href":"https:\/\/corfutraffic.com\/de\/wp-json\/wp\/v2\/pages\/2204\/revisions"}],"predecessor-version":[{"id":2594,"href":"https:\/\/corfutraffic.com\/de\/wp-json\/wp\/v2\/pages\/2204\/revisions\/2594"}],"wp:featuredmedia":[{"embeddable":true,"href":"https:\/\/corfutraffic.com\/de\/wp-json\/wp\/v2\/media\/2186"}],"wp:attachment":[{"href":"https:\/\/corfutraffic.com\/de\/wp-json\/wp\/v2\/media?parent=2204"}],"curies":[{"name":"wp","href":"https:\/\/api.w.org\/{rel}","templated":true}]}}